{"id":3,"date":"2025-03-01T10:37:30","date_gmt":"2025-03-01T10:37:30","guid":{"rendered":"http:\/\/ronconi.madistudio.it\/?page_id=3"},"modified":"2025-03-22T19:49:45","modified_gmt":"2025-03-22T18:49:45","slug":"privacy-policy","status":"publish","type":"page","link":"https:\/\/www.ronconigiuliano.it\/it\/privacy-policy\/","title":{"rendered":"Privacy Policy"},"content":{"rendered":"\t\t<div data-elementor-type=\"wp-page\" data-elementor-id=\"3\" class=\"elementor elementor-3\" data-elementor-post-type=\"page\">\n\t\t\t\t<div class=\"elementor-element elementor-element-4caf9d6d v_margin_big v_padding_big e-flex e-con-boxed h_padding_default e-con e-parent\" data-id=\"4caf9d6d\" data-element_type=\"container\">\n\t\t\t\t\t<div class=\"e-con-inner\">\n\t\t\t\t<div class=\"elementor-element elementor-element-d2603eb elementor-widget elementor-widget-heading\" data-id=\"d2603eb\" data-element_type=\"widget\" data-widget_type=\"heading.default\">\n\t\t\t\t<div class=\"elementor-widget-container\">\n\t\t\t\t\t<h2 class=\"elementor-heading-title elementor-size-default\">Privacy Policy<\/h2>\t\t\t\t<\/div>\n\t\t\t\t<\/div>\n\t\t\t\t<div class=\"elementor-element elementor-element-8d918dc elementor-widget elementor-widget-text-editor\" data-id=\"8d918dc\" data-element_type=\"widget\" data-widget_type=\"text-editor.default\">\n\t\t\t\t<div class=\"elementor-widget-container\">\n\t\t\t\t\t\t\t\t\t<p>Questa Applicazione raccoglie alcuni Dati Personali dei propri Utenti.<\/p><p>Questo documento pu\u00f2 essere stampato utilizzando il comando di stampa presente nelle impostazioni di qualsiasi browser.<\/p><p>\u00a0<\/p><p>Titolare del Trattamento dei Dati<\/p><p>Ronconi SRL<br \/>Via E. Romagna, 33 \u2013 41037 Mirandola (MO)<br \/>Tel. 0521\/82.14.46<br \/>P.IVA: IT04111400364<br \/>ronconi@cgn.legalmail.it<br \/>Indirizzo email del Titolare: info@ronconigiuliano.com<\/p><p>\u00a0<\/p><p>Tipologie di Dati raccolti<\/p><p>Fra i Dati Personali raccolti da questa Applicazione, in modo autonomo o tramite terze parti, ci sono: email; Dati di utilizzo; nome; cognome; numero di telefono;<\/p><p>\u00a0<\/p><p>Strumenti di Tracciamento.<\/p><p>Dettagli completi su ciascuna tipologia di Dati Personali raccolti sono forniti nelle sezioni dedicate di questa privacy policy o mediante specifici testi informativi visualizzati prima della raccolta dei Dati stessi.<br \/>I Dati Personali possono essere liberamente forniti dall\u2019Utente o, nel caso di Dati di Utilizzo, raccolti automaticamente durante l\u2019uso di questa Applicazione.<br \/>Se non diversamente specificato, tutti i Dati richiesti da questa Applicazione sono obbligatori. Se l\u2019Utente rifiuta di comunicarli, potrebbe essere impossibile per questa Applicazione fornire il Servizio. Nei casi in cui questa Applicazione indichi alcuni Dati come facoltativi, gli Utenti sono liberi di astenersi dal comunicare tali Dati, senza che ci\u00f2 abbia alcuna conseguenza sulla disponibilit\u00e0 del Servizio o sulla sua operativit\u00e0.<br \/>Gli Utenti che dovessero avere dubbi su quali Dati siano obbligatori sono incoraggiati a contattare il Titolare.<br \/>L\u2019eventuale utilizzo di Cookie \u2013 o di altri strumenti di tracciamento \u2013 da parte di questa Applicazione o dei titolari dei servizi terzi utilizzati da questa Applicazione ha la finalit\u00e0 di fornire il Servizio richiesto dall\u2019Utente, oltre alle ulteriori finalit\u00e0 descritte nel presente documento e nella Cookie Policy.<\/p><p>L\u2019Utente si assume la responsabilit\u00e0 dei Dati Personali di terzi ottenuti, pubblicati o condivisi mediante questa Applicazione.<\/p><p>Modalit\u00e0 e luogo del trattamento dei Dati raccolti<\/p><p>Modalit\u00e0 di trattamento<\/p><p>Il Titolare adotta le opportune misure di sicurezza volte ad impedire l\u2019accesso, la divulgazione, la modifica o la distruzione non autorizzate dei Dati Personali.<br \/>Il trattamento viene effettuato mediante strumenti informatici e\/o telematici, con modalit\u00e0 organizzative e con logiche strettamente correlate alle finalit\u00e0 indicate. Oltre al Titolare, in alcuni casi, potrebbero avere accesso ai Dati altri soggetti coinvolti nell\u2019organizzazione di questa Applicazione (personale amministrativo, commerciale, marketing, legali, amministratori di sistema) ovvero soggetti esterni (come fornitori di servizi tecnici terzi, corrieri postali, hosting provider, societ\u00e0 informatiche, agenzie di comunicazione) nominati anche, se necessario, Responsabili del Trattamento da parte del Titolare. L\u2019elenco aggiornato dei Responsabili potr\u00e0 sempre essere richiesto al Titolare del Trattamento.<\/p><p>\u00a0<\/p><p>Luogo<\/p><p>I Dati sono trattati presso le sedi operative del Titolare ed in ogni altro luogo in cui le parti coinvolte nel trattamento siano localizzate. Per ulteriori informazioni, contatta il Titolare.<br \/>I Dati Personali dell\u2019Utente potrebbero essere trasferiti in un paese diverso da quello in cui l\u2019Utente si trova. Per ottenere ulteriori informazioni sul luogo del trattamento l\u2019Utente pu\u00f2 fare riferimento alla sezione relativa ai dettagli sul trattamento dei Dati Personali.<\/p><p>\u00a0<\/p><p>Periodo di conservazione<\/p><p>Se non diversamente indicato in questo documento, i Dati Personali sono trattati e conservati per il tempo richiesto dalla finalit\u00e0 per la quale sono stati raccolti e potrebbero essere conservati per un periodo pi\u00f9 lungo a causa di eventuali obbligazioni legali o sulla base del consenso degli Utenti.<\/p><p>\u00a0<\/p><p>Finalit\u00e0 del Trattamento dei Dati raccolti<\/p><p>I Dati dell\u2019Utente sono raccolti per consentire al Titolare di fornire il Servizio, adempiere agli obblighi di legge, rispondere a richieste o azioni esecutive, tutelare i propri diritti ed interessi (o quelli di Utenti o di terze parti), individuare eventuali attivit\u00e0 dolose o fraudolente, nonch\u00e9 per le seguenti finalit\u00e0: Contattare l\u2019Utente.<\/p><p>Per ottenere informazioni dettagliate sulle finalit\u00e0 del trattamento e sui Dati Personali trattati per ciascuna finalit\u00e0, l\u2019Utente pu\u00f2 fare riferimento alla sezione \u201cDettagli sul trattamento dei Dati Personali\u201d.<\/p><p>\u00a0<\/p><p>Dettagli sul trattamento dei Dati Personali<\/p><p>I Dati Personali sono raccolti per le seguenti finalit\u00e0 ed utilizzando i seguenti servizi:<\/p><p>\u00a0<\/p><p>Contattare l\u2019Utente<\/p><p>Modulo di contatto (questa Applicazione)<br \/>L\u2019Utente, compilando con i propri Dati il modulo di contatto, acconsente al loro utilizzo per rispondere alle richieste di informazioni, di preventivo, o di qualunque altra natura indicata dall\u2019intestazione del modulo.<\/p><p>Dati Personali trattati: cognome; Dati di utilizzo; email; nome; numero di telefono.<\/p>\t\t\t\t\t\t\t\t<\/div>\n\t\t\t\t<\/div>\n\t\t\t\t\t<\/div>\n\t\t\t\t<\/div>\n\t\t\t\t<\/div>\n\t\t","protected":false},"excerpt":{"rendered":"<p>Privacy Policy Questa Applicazione raccoglie alcuni Dati Personali dei propri Utenti. Questo documento pu\u00f2 essere stampato utilizzando il comando di stampa presente nelle impostazioni di qualsiasi browser. \u00a0 Titolare del Trattamento dei Dati Ronconi SRLVia E. Romagna, 33 \u2013 41037 Mirandola (MO)Tel. 0521\/82.14.46P.IVA: IT04111400364ronconi@cgn.legalmail.itIndirizzo email del Titolare: info@ronconigiuliano.com \u00a0 Tipologie di Dati raccolti Fra i [&hellip;]<\/p>\n","protected":false},"author":1,"featured_media":0,"parent":0,"menu_order":0,"comment_status":"closed","ping_status":"open","template":"","meta":{"footnotes":""},"class_list":["post-3","page","type-page","status-publish","hentry"],"yoast_head":"<!-- This site is optimized with the Yoast SEO plugin v24.7 - https:\/\/yoast.com\/wordpress\/plugins\/seo\/ -->\n<title>Privacy Policy - RONCONI SRL<\/title>\n<meta name=\"robots\" content=\"noindex, nofollow\" \/>\n<meta property=\"og:locale\" content=\"it_IT\" \/>\n<meta property=\"og:type\" content=\"article\" \/>\n<meta property=\"og:title\" content=\"Privacy Policy - RONCONI SRL\" \/>\n<meta property=\"og:description\" content=\"Privacy Policy Questa Applicazione raccoglie alcuni Dati Personali dei propri Utenti. Questo documento pu\u00f2 essere stampato utilizzando il comando di stampa presente nelle impostazioni di qualsiasi browser. \u00a0 Titolare del Trattamento dei Dati Ronconi SRLVia E. Romagna, 33 \u2013 41037 Mirandola (MO)Tel. 0521\/82.14.46P.IVA: IT04111400364ronconi@cgn.legalmail.itIndirizzo email del Titolare: info@ronconigiuliano.com \u00a0 Tipologie di Dati raccolti Fra i [&hellip;]\" \/>\n<meta property=\"og:url\" content=\"https:\/\/www.ronconigiuliano.it\/privacy-policy\/\" \/>\n<meta property=\"og:site_name\" content=\"RONCONI SRL\" \/>\n<meta property=\"article:modified_time\" content=\"2025-03-22T18:49:45+00:00\" \/>\n<meta name=\"twitter:card\" content=\"summary_large_image\" \/>\n<meta name=\"twitter:label1\" content=\"Tempo di lettura stimato\" \/>\n\t<meta name=\"twitter:data1\" content=\"3 minuti\" \/>\n<script type=\"application\/ld+json\" class=\"yoast-schema-graph\">{\"@context\":\"https:\/\/schema.org\",\"@graph\":[{\"@type\":\"WebPage\",\"@id\":\"https:\/\/www.ronconigiuliano.it\/privacy-policy\/\",\"url\":\"https:\/\/www.ronconigiuliano.it\/privacy-policy\/\",\"name\":\"Privacy Policy - RONCONI SRL\",\"isPartOf\":{\"@id\":\"https:\/\/www.ronconigiuliano.it\/#website\"},\"datePublished\":\"2025-03-01T10:37:30+00:00\",\"dateModified\":\"2025-03-22T18:49:45+00:00\",\"breadcrumb\":{\"@id\":\"https:\/\/www.ronconigiuliano.it\/privacy-policy\/#breadcrumb\"},\"inLanguage\":\"it-IT\",\"potentialAction\":[{\"@type\":\"ReadAction\",\"target\":[\"https:\/\/www.ronconigiuliano.it\/privacy-policy\/\"]}]},{\"@type\":\"BreadcrumbList\",\"@id\":\"https:\/\/www.ronconigiuliano.it\/privacy-policy\/#breadcrumb\",\"itemListElement\":[{\"@type\":\"ListItem\",\"position\":1,\"name\":\"Home\",\"item\":\"https:\/\/www.ronconigiuliano.it\/it\/\"},{\"@type\":\"ListItem\",\"position\":2,\"name\":\"Privacy Policy\"}]},{\"@type\":\"WebSite\",\"@id\":\"https:\/\/www.ronconigiuliano.it\/#website\",\"url\":\"https:\/\/www.ronconigiuliano.it\/\",\"name\":\"RONCONI SRL\",\"description\":\"Impianti e macchine per il confezionamento\",\"publisher\":{\"@id\":\"https:\/\/www.ronconigiuliano.it\/#organization\"},\"potentialAction\":[{\"@type\":\"SearchAction\",\"target\":{\"@type\":\"EntryPoint\",\"urlTemplate\":\"https:\/\/www.ronconigiuliano.it\/?s={search_term_string}\"},\"query-input\":{\"@type\":\"PropertyValueSpecification\",\"valueRequired\":true,\"valueName\":\"search_term_string\"}}],\"inLanguage\":\"it-IT\"},{\"@type\":\"Organization\",\"@id\":\"https:\/\/www.ronconigiuliano.it\/#organization\",\"name\":\"RONCONI SRL\",\"url\":\"https:\/\/www.ronconigiuliano.it\/\",\"logo\":{\"@type\":\"ImageObject\",\"inLanguage\":\"it-IT\",\"@id\":\"https:\/\/www.ronconigiuliano.it\/#\/schema\/logo\/image\/\",\"url\":\"https:\/\/www.ronconigiuliano.it\/wp-content\/uploads\/2025\/03\/logo_ronconi.svg\",\"contentUrl\":\"https:\/\/www.ronconigiuliano.it\/wp-content\/uploads\/2025\/03\/logo_ronconi.svg\",\"width\":200,\"height\":100,\"caption\":\"RONCONI SRL\"},\"image\":{\"@id\":\"https:\/\/www.ronconigiuliano.it\/#\/schema\/logo\/image\/\"}}]}<\/script>\n<!-- \/ Yoast SEO plugin. -->","yoast_head_json":{"title":"Privacy Policy - RONCONI SRL","robots":{"index":"noindex","follow":"nofollow"},"og_locale":"it_IT","og_type":"article","og_title":"Privacy Policy - RONCONI SRL","og_description":"Privacy Policy Questa Applicazione raccoglie alcuni Dati Personali dei propri Utenti. Questo documento pu\u00f2 essere stampato utilizzando il comando di stampa presente nelle impostazioni di qualsiasi browser. \u00a0 Titolare del Trattamento dei Dati Ronconi SRLVia E. Romagna, 33 \u2013 41037 Mirandola (MO)Tel. 0521\/82.14.46P.IVA: IT04111400364ronconi@cgn.legalmail.itIndirizzo email del Titolare: info@ronconigiuliano.com \u00a0 Tipologie di Dati raccolti Fra i [&hellip;]","og_url":"https:\/\/www.ronconigiuliano.it\/privacy-policy\/","og_site_name":"RONCONI SRL","article_modified_time":"2025-03-22T18:49:45+00:00","twitter_card":"summary_large_image","twitter_misc":{"Tempo di lettura stimato":"3 minuti"},"schema":{"@context":"https:\/\/schema.org","@graph":[{"@type":"WebPage","@id":"https:\/\/www.ronconigiuliano.it\/privacy-policy\/","url":"https:\/\/www.ronconigiuliano.it\/privacy-policy\/","name":"Privacy Policy - RONCONI SRL","isPartOf":{"@id":"https:\/\/www.ronconigiuliano.it\/#website"},"datePublished":"2025-03-01T10:37:30+00:00","dateModified":"2025-03-22T18:49:45+00:00","breadcrumb":{"@id":"https:\/\/www.ronconigiuliano.it\/privacy-policy\/#breadcrumb"},"inLanguage":"it-IT","potentialAction":[{"@type":"ReadAction","target":["https:\/\/www.ronconigiuliano.it\/privacy-policy\/"]}]},{"@type":"BreadcrumbList","@id":"https:\/\/www.ronconigiuliano.it\/privacy-policy\/#breadcrumb","itemListElement":[{"@type":"ListItem","position":1,"name":"Home","item":"https:\/\/www.ronconigiuliano.it\/it\/"},{"@type":"ListItem","position":2,"name":"Privacy Policy"}]},{"@type":"WebSite","@id":"https:\/\/www.ronconigiuliano.it\/#website","url":"https:\/\/www.ronconigiuliano.it\/","name":"RONCONI SRL","description":"Impianti e macchine per il confezionamento","publisher":{"@id":"https:\/\/www.ronconigiuliano.it\/#organization"},"potentialAction":[{"@type":"SearchAction","target":{"@type":"EntryPoint","urlTemplate":"https:\/\/www.ronconigiuliano.it\/?s={search_term_string}"},"query-input":{"@type":"PropertyValueSpecification","valueRequired":true,"valueName":"search_term_string"}}],"inLanguage":"it-IT"},{"@type":"Organization","@id":"https:\/\/www.ronconigiuliano.it\/#organization","name":"RONCONI SRL","url":"https:\/\/www.ronconigiuliano.it\/","logo":{"@type":"ImageObject","inLanguage":"it-IT","@id":"https:\/\/www.ronconigiuliano.it\/#\/schema\/logo\/image\/","url":"https:\/\/www.ronconigiuliano.it\/wp-content\/uploads\/2025\/03\/logo_ronconi.svg","contentUrl":"https:\/\/www.ronconigiuliano.it\/wp-content\/uploads\/2025\/03\/logo_ronconi.svg","width":200,"height":100,"caption":"RONCONI SRL"},"image":{"@id":"https:\/\/www.ronconigiuliano.it\/#\/schema\/logo\/image\/"}}]}},"_links":{"self":[{"href":"https:\/\/www.ronconigiuliano.it\/it\/wp-json\/wp\/v2\/pages\/3","targetHints":{"allow":["GET"]}}],"collection":[{"href":"https:\/\/www.ronconigiuliano.it\/it\/wp-json\/wp\/v2\/pages"}],"about":[{"href":"https:\/\/www.ronconigiuliano.it\/it\/wp-json\/wp\/v2\/types\/page"}],"author":[{"embeddable":true,"href":"https:\/\/www.ronconigiuliano.it\/it\/wp-json\/wp\/v2\/users\/1"}],"replies":[{"embeddable":true,"href":"https:\/\/www.ronconigiuliano.it\/it\/wp-json\/wp\/v2\/comments?post=3"}],"version-history":[{"count":6,"href":"https:\/\/www.ronconigiuliano.it\/it\/wp-json\/wp\/v2\/pages\/3\/revisions"}],"predecessor-version":[{"id":691,"href":"https:\/\/www.ronconigiuliano.it\/it\/wp-json\/wp\/v2\/pages\/3\/revisions\/691"}],"wp:attachment":[{"href":"https:\/\/www.ronconigiuliano.it\/it\/wp-json\/wp\/v2\/media?parent=3"}],"curies":[{"name":"wp","href":"https:\/\/api.w.org\/{rel}","templated":true}]}}